{"id":1022,"date":"2021-04-15T12:46:55","date_gmt":"2021-04-15T15:46:55","guid":{"rendered":"http:\/\/10.101.10.196\/sad\/?page_id=1022"},"modified":"2021-11-10T10:54:43","modified_gmt":"2021-11-10T13:54:43","slug":"noticias","status":"publish","type":"page","link":"https:\/\/sad.fica.unsl.edu.ar\/index.php\/noticias\/","title":{"rendered":"Novedades"},"content":{"rendered":"\t\t<div data-elementor-type=\"wp-page\" data-elementor-id=\"1022\" class=\"elementor elementor-1022\">\n\t\t\t\t\t\t<section class=\"elementor-section elementor-top-section elementor-element elementor-element-35d53fa elementor-section-full_width elementor-section-height-default elementor-section-height-default exad-glass-effect-no exad-sticky-section-no\" data-id=\"35d53fa\" data-element_type=\"section\" data-e-type=\"section\">\n\t\t\t\t\t\t<div class=\"elementor-container elementor-column-gap-default\">\n\t\t\t\t\t<div class=\"elementor-column elementor-col-100 elementor-top-column elementor-element elementor-element-1a03d45 exad-glass-effect-no exad-sticky-section-no\" data-id=\"1a03d45\" data-element_type=\"column\" data-e-type=\"column\">\n\t\t\t<div class=\"elementor-widget-wrap elementor-element-populated\">\n\t\t\t\t\t\t<div class=\"elementor-element elementor-element-7b1e1cb exad-sticky-section-no exad-glass-effect-no elementor-widget elementor-widget-heading\" data-id=\"7b1e1cb\" data-element_type=\"widget\" data-e-type=\"widget\" data-widget_type=\"heading.default\">\n\t\t\t\t<div class=\"elementor-widget-container\">\n\t\t\t\t\t<h2 class=\"elementor-heading-title elementor-size-default\">NOVEDADES<\/h2>\t\t\t\t<\/div>\n\t\t\t\t<\/div>\n\t\t\t\t<section class=\"elementor-section elementor-inner-section elementor-element elementor-element-5a7bef2 elementor-section-full_width elementor-section-height-default elementor-section-height-default exad-glass-effect-no exad-sticky-section-no\" data-id=\"5a7bef2\" data-element_type=\"section\" data-e-type=\"section\">\n\t\t\t\t\t\t<div class=\"elementor-container elementor-column-gap-default\">\n\t\t\t\t\t<div class=\"elementor-column elementor-col-100 elementor-inner-column elementor-element elementor-element-eb764b8 exad-glass-effect-no exad-sticky-section-no\" data-id=\"eb764b8\" data-element_type=\"column\" data-e-type=\"column\">\n\t\t\t<div class=\"elementor-widget-wrap elementor-element-populated\">\n\t\t\t\t\t\t<div class=\"elementor-element elementor-element-8852b34 exad-sticky-section-no exad-glass-effect-no elementor-widget elementor-widget-obfx-posts-grid\" data-id=\"8852b34\" data-element_type=\"widget\" data-e-type=\"widget\" data-widget_type=\"obfx-posts-grid.default\">\n\t\t\t\t<div class=\"elementor-widget-container\">\n\t\t\t\t\t<div class=\"obfx-grid\"><div class=\"obfx-grid-container obfx-grid-desktop-3\"><div class=\"obfx-grid-wrapper\"><article class=\"obfx-grid-col\"><div class=\"obfx-grid-col-image\" style=\"\"><a href=\"https:\/\/sad.fica.unsl.edu.ar\/index.php\/nuevo-procedimiento-para-tramitar-salidas-con-estudiantes-2\/\" title=\"NUEVO PROCEDIMIENTO PARA TRAMITAR SALIDAS CON ESTUDIANTES\"><img fetchpriority=\"high\" decoding=\"async\" width=\"1061\" height=\"600\" src=\"https:\/\/sad.fica.unsl.edu.ar\/wp-content\/uploads\/2024\/10\/complementacion-practica-a-la-ciudad-de-Rio-Cuarto-front.jpg\" class=\"img-responsive wp-post-image\" alt=\"complementacion-practica-a-la-ciudad-de-Rio-Cuarto-front\" srcset=\"https:\/\/sad.fica.unsl.edu.ar\/wp-content\/uploads\/2024\/10\/complementacion-practica-a-la-ciudad-de-Rio-Cuarto-front.jpg 1061w, https:\/\/sad.fica.unsl.edu.ar\/wp-content\/uploads\/2024\/10\/complementacion-practica-a-la-ciudad-de-Rio-Cuarto-front-300x170.jpg 300w, https:\/\/sad.fica.unsl.edu.ar\/wp-content\/uploads\/2024\/10\/complementacion-practica-a-la-ciudad-de-Rio-Cuarto-front-1024x579.jpg 1024w, https:\/\/sad.fica.unsl.edu.ar\/wp-content\/uploads\/2024\/10\/complementacion-practica-a-la-ciudad-de-Rio-Cuarto-front-768x434.jpg 768w\" sizes=\"(max-width: 1061px) 100vw, 1061px\" \/><\/a><\/div><div class=\"obfx-grid-col-content\">\t\t\t<h2 class=\"entry-title obfx-grid-title\">\n\t\t\t\t\t\t\t<a href=\"https:\/\/sad.fica.unsl.edu.ar\/index.php\/nuevo-procedimiento-para-tramitar-salidas-con-estudiantes-2\/\" title=\"NUEVO PROCEDIMIENTO PARA TRAMITAR SALIDAS CON ESTUDIANTES\">\n\t\t\t\t\tNUEVO PROCEDIMIENTO PARA TRAMITAR SALIDAS CON ESTUDIANTES\t\t\t\t<\/a>\n\t\t\t\t\t\t\t<\/h2>\n\t\t\t\t\t\t<div class=\"entry-content obfx-grid-content\">\n\t\t\t\tPROCEDIMIENTO PARA LA REALIZACI\u00d3N DE VIAJES DE CAMPO Y OTRAS ACTIVIDADES PR\u00c1CTICAS, ACAD\u00c9MICAS Y\/O DE EXTENSI\u00d3N.\u00a0 Toda actividad que se desarrolle fuera del \u00e1mbito de&hellip;\t\t\t<\/div>\n\t\t\t<div class=\"obfx-grid-footer\"><a href=\"https:\/\/sad.fica.unsl.edu.ar\/index.php\/nuevo-procedimiento-para-tramitar-salidas-con-estudiantes-2\/\" title=\"Leer m\u00e1s\">Leer m\u00e1s<\/a><\/div><\/div><\/article><\/div><div class=\"obfx-grid-wrapper\"><article class=\"obfx-grid-col\"><div class=\"obfx-grid-col-image\" style=\"\"><a href=\"https:\/\/sad.fica.unsl.edu.ar\/index.php\/datos-para-facturacion-segun-ord-c-s-no-9-19\/\" title=\"NUEVA REGLAMENTACI\u00d3N PARA DATOS DE FACTURACI\u00d3N\"><img decoding=\"async\" width=\"640\" height=\"428\" src=\"https:\/\/sad.fica.unsl.edu.ar\/wp-content\/uploads\/2024\/08\/facturacion.jpg\" class=\"img-responsive wp-post-image\" alt=\"facturacion\" srcset=\"https:\/\/sad.fica.unsl.edu.ar\/wp-content\/uploads\/2024\/08\/facturacion.jpg 640w, https:\/\/sad.fica.unsl.edu.ar\/wp-content\/uploads\/2024\/08\/facturacion-300x201.jpg 300w\" sizes=\"(max-width: 640px) 100vw, 640px\" \/><\/a><\/div><div class=\"obfx-grid-col-content\">\t\t\t<h2 class=\"entry-title obfx-grid-title\">\n\t\t\t\t\t\t\t<a href=\"https:\/\/sad.fica.unsl.edu.ar\/index.php\/datos-para-facturacion-segun-ord-c-s-no-9-19\/\" title=\"NUEVA REGLAMENTACI\u00d3N PARA DATOS DE FACTURACI\u00d3N\">\n\t\t\t\t\tNUEVA REGLAMENTACI\u00d3N PARA DATOS DE FACTURACI\u00d3N\t\t\t\t<\/a>\n\t\t\t\t\t\t\t<\/h2>\n\t\t\t\t\t\t<div class=\"entry-content obfx-grid-content\">\n\t\t\t\tVer Ordenanza CS 41\/23 Ver Resoluci\u00f3n RR 1126\/24 Caja chica &nbsp; Nombre: UNSL o Universidad Nacional de San Luis Domicilio: Ej\u00e9rcito de los Andes 950&hellip;\t\t\t<\/div>\n\t\t\t<div class=\"obfx-grid-footer\"><a href=\"https:\/\/sad.fica.unsl.edu.ar\/index.php\/datos-para-facturacion-segun-ord-c-s-no-9-19\/\" title=\"Leer m\u00e1s\">Leer m\u00e1s<\/a><\/div><\/div><\/article><\/div><div class=\"obfx-grid-wrapper\"><article class=\"obfx-grid-col\"><div class=\"obfx-grid-col-image\" style=\"\"><a href=\"https:\/\/sad.fica.unsl.edu.ar\/index.php\/cierre-de-ejercicio-2024\/\" title=\"Cierre de ejercicio 2024\"><img decoding=\"async\" width=\"612\" height=\"411\" src=\"https:\/\/sad.fica.unsl.edu.ar\/wp-content\/uploads\/2021\/11\/istockphoto-1436332840-612x612-1.jpg\" class=\"img-responsive wp-post-image\" alt=\"istockphoto-1436332840-612&#215;612\" srcset=\"https:\/\/sad.fica.unsl.edu.ar\/wp-content\/uploads\/2021\/11\/istockphoto-1436332840-612x612-1.jpg 612w, https:\/\/sad.fica.unsl.edu.ar\/wp-content\/uploads\/2021\/11\/istockphoto-1436332840-612x612-1-300x201.jpg 300w\" sizes=\"(max-width: 612px) 100vw, 612px\" \/><\/a><\/div><div class=\"obfx-grid-col-content\">\t\t\t<h2 class=\"entry-title obfx-grid-title\">\n\t\t\t\t\t\t\t<a href=\"https:\/\/sad.fica.unsl.edu.ar\/index.php\/cierre-de-ejercicio-2024\/\" title=\"Cierre de ejercicio 2024\">\n\t\t\t\t\tCierre de ejercicio 2024\t\t\t\t<\/a>\n\t\t\t\t\t\t\t<\/h2>\n\t\t\t\t\t\t<div class=\"entry-content obfx-grid-content\">\n\t\t\t\tSecretar\u00eda Administrativa Informa que, con motivo del cierre de ejercicio, se recibir\u00e1n facturas y vi\u00e1ticos hasta el d\u00eda 15\/11\/24 Sin excepci\u00f3n\t\t\t<\/div>\n\t\t\t<div class=\"obfx-grid-footer\"><a href=\"https:\/\/sad.fica.unsl.edu.ar\/index.php\/cierre-de-ejercicio-2024\/\" title=\"Leer m\u00e1s\">Leer m\u00e1s<\/a><\/div><\/div><\/article><\/div>\t\t\t\t<div class=\"obfx-grid-pagination\">\n\t\t\t\t\t\t\t\t\t\t<nav class=\"pagination\">\n\t\t\t\t\t\t\t\t\t\t\t<\/nav>\n\t\t\t\t<\/div>\n\t\t\t\t<\/div><!-- .obfx-grid-container --><\/div><!-- .obfx-grid -->\t\t\t\t<\/div>\n\t\t\t\t<\/div>\n\t\t\t\t\t<\/div>\n\t\t<\/div>\n\t\t\t\t\t<\/div>\n\t\t<\/section>\n\t\t\t\t\t<\/div>\n\t\t<\/div>\n\t\t\t\t\t<\/div>\n\t\t<\/section>\n\t\t\t\t<section class=\"elementor-section elementor-top-section elementor-element elementor-element-c20282d elementor-section-boxed elementor-section-height-default elementor-section-height-default exad-glass-effect-no exad-sticky-section-no\" data-id=\"c20282d\" data-element_type=\"section\" data-e-type=\"section\">\n\t\t\t\t\t\t<div class=\"elementor-container elementor-column-gap-default\">\n\t\t\t\t\t<div class=\"elementor-column elementor-col-100 elementor-top-column elementor-element elementor-element-8e98469 exad-glass-effect-no exad-sticky-section-no\" data-id=\"8e98469\" data-element_type=\"column\" data-e-type=\"column\">\n\t\t\t<div class=\"elementor-widget-wrap elementor-element-populated\">\n\t\t\t\t\t\t<div class=\"elementor-element elementor-element-cd05470 exad-sticky-section-no exad-glass-effect-no elementor-widget elementor-widget-spacer\" data-id=\"cd05470\" data-element_type=\"widget\" data-e-type=\"widget\" data-widget_type=\"spacer.default\">\n\t\t\t\t<div class=\"elementor-widget-container\">\n\t\t\t\t\t\t\t<div class=\"elementor-spacer\">\n\t\t\t<div class=\"elementor-spacer-inner\"><\/div>\n\t\t<\/div>\n\t\t\t\t\t\t<\/div>\n\t\t\t\t<\/div>\n\t\t\t\t\t<\/div>\n\t\t<\/div>\n\t\t\t\t\t<\/div>\n\t\t<\/section>\n\t\t\t\t<\/div>\n\t\t","protected":false},"excerpt":{"rendered":"<p>NOVEDADES DATOS PARA FACTURACI\u00d3N SEG\u00daN ORD. C.S. N\u00ba 9\/19 Ver Ordenanza C.S. N\u00ba 9\/19 Nombre: UNSL o Universidad Nacional de San Luis Domicilio: Ej\u00e9rcito de&hellip;<\/p>\n","protected":false},"author":5,"featured_media":0,"parent":0,"menu_order":0,"comment_status":"closed","ping_status":"closed","template":"elementor_header_footer","meta":{"_monsterinsights_skip_tracking":false,"_monsterinsights_sitenote_active":false,"_monsterinsights_sitenote_note":"","_monsterinsights_sitenote_category":0,"footnotes":""},"class_list":["post-1022","page","type-page","status-publish","hentry"],"yoast_head":"<!-- This site is optimized with the Yoast SEO plugin v27.4 - https:\/\/yoast.com\/product\/yoast-seo-wordpress\/ -->\n<title>Novedades - Secretar\u00eda Administrativa<\/title>\n<meta name=\"robots\" content=\"index, follow, max-snippet:-1, max-image-preview:large, max-video-preview:-1\" \/>\n<link rel=\"canonical\" href=\"https:\/\/sad.fica.unsl.edu.ar\/index.php\/noticias\/\" \/>\n<meta property=\"og:locale\" content=\"es_ES\" \/>\n<meta property=\"og:type\" content=\"article\" \/>\n<meta property=\"og:title\" content=\"Novedades - Secretar\u00eda Administrativa\" \/>\n<meta property=\"og:description\" content=\"NOVEDADES DATOS PARA FACTURACI\u00d3N SEG\u00daN ORD. C.S. N\u00ba 9\/19 Ver Ordenanza C.S. N\u00ba 9\/19 Nombre: UNSL o Universidad Nacional de San Luis Domicilio: Ej\u00e9rcito de&hellip;\" \/>\n<meta property=\"og:url\" content=\"https:\/\/sad.fica.unsl.edu.ar\/index.php\/noticias\/\" \/>\n<meta property=\"og:site_name\" content=\"Secretar\u00eda Administrativa\" \/>\n<meta property=\"article:modified_time\" content=\"2021-11-10T13:54:43+00:00\" \/>\n<meta property=\"og:image\" content=\"https:\/\/sad.fica.unsl.edu.ar\/wp-content\/uploads\/2021\/10\/requisitos-factura-soporte-costos.png\" \/>\n<meta name=\"twitter:card\" content=\"summary_large_image\" \/>\n<meta name=\"twitter:label1\" content=\"Tiempo de lectura\" \/>\n\t<meta name=\"twitter:data1\" content=\"1 minuto\" \/>\n<script type=\"application\/ld+json\" class=\"yoast-schema-graph\">{\"@context\":\"https:\\\/\\\/schema.org\",\"@graph\":[{\"@type\":\"WebPage\",\"@id\":\"https:\\\/\\\/sad.fica.unsl.edu.ar\\\/index.php\\\/noticias\\\/\",\"url\":\"https:\\\/\\\/sad.fica.unsl.edu.ar\\\/index.php\\\/noticias\\\/\",\"name\":\"Novedades - Secretar\u00eda Administrativa\",\"isPartOf\":{\"@id\":\"https:\\\/\\\/sad.fica.unsl.edu.ar\\\/#website\"},\"primaryImageOfPage\":{\"@id\":\"https:\\\/\\\/sad.fica.unsl.edu.ar\\\/index.php\\\/noticias\\\/#primaryimage\"},\"image\":{\"@id\":\"https:\\\/\\\/sad.fica.unsl.edu.ar\\\/index.php\\\/noticias\\\/#primaryimage\"},\"thumbnailUrl\":\"https:\\\/\\\/sad.fica.unsl.edu.ar\\\/wp-content\\\/uploads\\\/2021\\\/10\\\/requisitos-factura-soporte-costos.png\",\"datePublished\":\"2021-04-15T15:46:55+00:00\",\"dateModified\":\"2021-11-10T13:54:43+00:00\",\"breadcrumb\":{\"@id\":\"https:\\\/\\\/sad.fica.unsl.edu.ar\\\/index.php\\\/noticias\\\/#breadcrumb\"},\"inLanguage\":\"es-AR\",\"potentialAction\":[{\"@type\":\"ReadAction\",\"target\":[\"https:\\\/\\\/sad.fica.unsl.edu.ar\\\/index.php\\\/noticias\\\/\"]}]},{\"@type\":\"ImageObject\",\"inLanguage\":\"es-AR\",\"@id\":\"https:\\\/\\\/sad.fica.unsl.edu.ar\\\/index.php\\\/noticias\\\/#primaryimage\",\"url\":\"https:\\\/\\\/sad.fica.unsl.edu.ar\\\/wp-content\\\/uploads\\\/2021\\\/10\\\/requisitos-factura-soporte-costos.png\",\"contentUrl\":\"https:\\\/\\\/sad.fica.unsl.edu.ar\\\/wp-content\\\/uploads\\\/2021\\\/10\\\/requisitos-factura-soporte-costos.png\",\"width\":1200,\"height\":600},{\"@type\":\"BreadcrumbList\",\"@id\":\"https:\\\/\\\/sad.fica.unsl.edu.ar\\\/index.php\\\/noticias\\\/#breadcrumb\",\"itemListElement\":[{\"@type\":\"ListItem\",\"position\":1,\"name\":\"Inicio\",\"item\":\"https:\\\/\\\/sad.fica.unsl.edu.ar\\\/\"},{\"@type\":\"ListItem\",\"position\":2,\"name\":\"Novedades\"}]},{\"@type\":\"WebSite\",\"@id\":\"https:\\\/\\\/sad.fica.unsl.edu.ar\\\/#website\",\"url\":\"https:\\\/\\\/sad.fica.unsl.edu.ar\\\/\",\"name\":\"Secretar\u00eda Administrativa\",\"description\":\"SAD\",\"publisher\":{\"@id\":\"https:\\\/\\\/sad.fica.unsl.edu.ar\\\/#organization\"},\"potentialAction\":[{\"@type\":\"SearchAction\",\"target\":{\"@type\":\"EntryPoint\",\"urlTemplate\":\"https:\\\/\\\/sad.fica.unsl.edu.ar\\\/?s={search_term_string}\"},\"query-input\":{\"@type\":\"PropertyValueSpecification\",\"valueRequired\":true,\"valueName\":\"search_term_string\"}}],\"inLanguage\":\"es-AR\"},{\"@type\":\"Organization\",\"@id\":\"https:\\\/\\\/sad.fica.unsl.edu.ar\\\/#organization\",\"name\":\"SAC- Secretar\u00eda Administrativa FICA\",\"url\":\"https:\\\/\\\/sad.fica.unsl.edu.ar\\\/\",\"logo\":{\"@type\":\"ImageObject\",\"inLanguage\":\"es-AR\",\"@id\":\"https:\\\/\\\/sad.fica.unsl.edu.ar\\\/#\\\/schema\\\/logo\\\/image\\\/\",\"url\":\"https:\\\/\\\/i1.wp.com\\\/sad.fica.unsl.edu.ar\\\/wp-content\\\/uploads\\\/2021\\\/05\\\/SAD-logo.png?fit=4483%2C1231\",\"contentUrl\":\"https:\\\/\\\/i1.wp.com\\\/sad.fica.unsl.edu.ar\\\/wp-content\\\/uploads\\\/2021\\\/05\\\/SAD-logo.png?fit=4483%2C1231\",\"width\":4483,\"height\":1231,\"caption\":\"SAC- Secretar\u00eda Administrativa FICA\"},\"image\":{\"@id\":\"https:\\\/\\\/sad.fica.unsl.edu.ar\\\/#\\\/schema\\\/logo\\\/image\\\/\"}}]}<\/script>\n<!-- \/ Yoast SEO plugin. -->","yoast_head_json":{"title":"Novedades - Secretar\u00eda Administrativa","robots":{"index":"index","follow":"follow","max-snippet":"max-snippet:-1","max-image-preview":"max-image-preview:large","max-video-preview":"max-video-preview:-1"},"canonical":"https:\/\/sad.fica.unsl.edu.ar\/index.php\/noticias\/","og_locale":"es_ES","og_type":"article","og_title":"Novedades - Secretar\u00eda Administrativa","og_description":"NOVEDADES DATOS PARA FACTURACI\u00d3N SEG\u00daN ORD. C.S. N\u00ba 9\/19 Ver Ordenanza C.S. N\u00ba 9\/19 Nombre: UNSL o Universidad Nacional de San Luis Domicilio: Ej\u00e9rcito de&hellip;","og_url":"https:\/\/sad.fica.unsl.edu.ar\/index.php\/noticias\/","og_site_name":"Secretar\u00eda Administrativa","article_modified_time":"2021-11-10T13:54:43+00:00","og_image":[{"url":"https:\/\/sad.fica.unsl.edu.ar\/wp-content\/uploads\/2021\/10\/requisitos-factura-soporte-costos.png","type":"","width":"","height":""}],"twitter_card":"summary_large_image","twitter_misc":{"Tiempo de lectura":"1 minuto"},"schema":{"@context":"https:\/\/schema.org","@graph":[{"@type":"WebPage","@id":"https:\/\/sad.fica.unsl.edu.ar\/index.php\/noticias\/","url":"https:\/\/sad.fica.unsl.edu.ar\/index.php\/noticias\/","name":"Novedades - Secretar\u00eda Administrativa","isPartOf":{"@id":"https:\/\/sad.fica.unsl.edu.ar\/#website"},"primaryImageOfPage":{"@id":"https:\/\/sad.fica.unsl.edu.ar\/index.php\/noticias\/#primaryimage"},"image":{"@id":"https:\/\/sad.fica.unsl.edu.ar\/index.php\/noticias\/#primaryimage"},"thumbnailUrl":"https:\/\/sad.fica.unsl.edu.ar\/wp-content\/uploads\/2021\/10\/requisitos-factura-soporte-costos.png","datePublished":"2021-04-15T15:46:55+00:00","dateModified":"2021-11-10T13:54:43+00:00","breadcrumb":{"@id":"https:\/\/sad.fica.unsl.edu.ar\/index.php\/noticias\/#breadcrumb"},"inLanguage":"es-AR","potentialAction":[{"@type":"ReadAction","target":["https:\/\/sad.fica.unsl.edu.ar\/index.php\/noticias\/"]}]},{"@type":"ImageObject","inLanguage":"es-AR","@id":"https:\/\/sad.fica.unsl.edu.ar\/index.php\/noticias\/#primaryimage","url":"https:\/\/sad.fica.unsl.edu.ar\/wp-content\/uploads\/2021\/10\/requisitos-factura-soporte-costos.png","contentUrl":"https:\/\/sad.fica.unsl.edu.ar\/wp-content\/uploads\/2021\/10\/requisitos-factura-soporte-costos.png","width":1200,"height":600},{"@type":"BreadcrumbList","@id":"https:\/\/sad.fica.unsl.edu.ar\/index.php\/noticias\/#breadcrumb","itemListElement":[{"@type":"ListItem","position":1,"name":"Inicio","item":"https:\/\/sad.fica.unsl.edu.ar\/"},{"@type":"ListItem","position":2,"name":"Novedades"}]},{"@type":"WebSite","@id":"https:\/\/sad.fica.unsl.edu.ar\/#website","url":"https:\/\/sad.fica.unsl.edu.ar\/","name":"Secretar\u00eda Administrativa","description":"SAD","publisher":{"@id":"https:\/\/sad.fica.unsl.edu.ar\/#organization"},"potentialAction":[{"@type":"SearchAction","target":{"@type":"EntryPoint","urlTemplate":"https:\/\/sad.fica.unsl.edu.ar\/?s={search_term_string}"},"query-input":{"@type":"PropertyValueSpecification","valueRequired":true,"valueName":"search_term_string"}}],"inLanguage":"es-AR"},{"@type":"Organization","@id":"https:\/\/sad.fica.unsl.edu.ar\/#organization","name":"SAC- Secretar\u00eda Administrativa FICA","url":"https:\/\/sad.fica.unsl.edu.ar\/","logo":{"@type":"ImageObject","inLanguage":"es-AR","@id":"https:\/\/sad.fica.unsl.edu.ar\/#\/schema\/logo\/image\/","url":"https:\/\/i1.wp.com\/sad.fica.unsl.edu.ar\/wp-content\/uploads\/2021\/05\/SAD-logo.png?fit=4483%2C1231","contentUrl":"https:\/\/i1.wp.com\/sad.fica.unsl.edu.ar\/wp-content\/uploads\/2021\/05\/SAD-logo.png?fit=4483%2C1231","width":4483,"height":1231,"caption":"SAC- Secretar\u00eda Administrativa FICA"},"image":{"@id":"https:\/\/sad.fica.unsl.edu.ar\/#\/schema\/logo\/image\/"}}]}},"_links":{"self":[{"href":"https:\/\/sad.fica.unsl.edu.ar\/index.php\/wp-json\/wp\/v2\/pages\/1022","targetHints":{"allow":["GET"]}}],"collection":[{"href":"https:\/\/sad.fica.unsl.edu.ar\/index.php\/wp-json\/wp\/v2\/pages"}],"about":[{"href":"https:\/\/sad.fica.unsl.edu.ar\/index.php\/wp-json\/wp\/v2\/types\/page"}],"author":[{"embeddable":true,"href":"https:\/\/sad.fica.unsl.edu.ar\/index.php\/wp-json\/wp\/v2\/users\/5"}],"replies":[{"embeddable":true,"href":"https:\/\/sad.fica.unsl.edu.ar\/index.php\/wp-json\/wp\/v2\/comments?post=1022"}],"version-history":[{"count":24,"href":"https:\/\/sad.fica.unsl.edu.ar\/index.php\/wp-json\/wp\/v2\/pages\/1022\/revisions"}],"predecessor-version":[{"id":1391,"href":"https:\/\/sad.fica.unsl.edu.ar\/index.php\/wp-json\/wp\/v2\/pages\/1022\/revisions\/1391"}],"wp:attachment":[{"href":"https:\/\/sad.fica.unsl.edu.ar\/index.php\/wp-json\/wp\/v2\/media?parent=1022"}],"curies":[{"name":"wp","href":"https:\/\/api.w.org\/{rel}","templated":true}]}}