{"id":1618,"date":"2026-04-24T09:24:10","date_gmt":"2026-04-24T12:24:10","guid":{"rendered":"https:\/\/sad.fica.unsl.edu.ar\/?page_id=1618"},"modified":"2026-04-30T09:09:47","modified_gmt":"2026-04-30T12:09:47","slug":"informacion-presupuestaria","status":"publish","type":"page","link":"https:\/\/sad.fica.unsl.edu.ar\/index.php\/informacion-presupuestaria\/","title":{"rendered":"Informaci\u00f3n Presupuestaria"},"content":{"rendered":"\t\t<div data-elementor-type=\"wp-page\" data-elementor-id=\"1618\" class=\"elementor elementor-1618\">\n\t\t\t\t\t\t<section class=\"elementor-section elementor-top-section elementor-element elementor-element-ef4e20c elementor-section-full_width elementor-section-height-default elementor-section-height-default exad-glass-effect-no exad-sticky-section-no\" data-id=\"ef4e20c\" data-element_type=\"section\" data-e-type=\"section\">\n\t\t\t\t\t\t<div class=\"elementor-container elementor-column-gap-default\">\n\t\t\t\t\t<div class=\"elementor-column elementor-col-100 elementor-top-column elementor-element elementor-element-b1c3043 exad-glass-effect-no exad-sticky-section-no\" data-id=\"b1c3043\" data-element_type=\"column\" data-e-type=\"column\">\n\t\t\t<div class=\"elementor-widget-wrap elementor-element-populated\">\n\t\t\t\t\t\t<div class=\"elementor-element elementor-element-b1719ab exad-sticky-section-no exad-glass-effect-no elementor-widget elementor-widget-exad-exclusive-accordion\" data-id=\"b1719ab\" data-element_type=\"widget\" data-e-type=\"widget\" data-widget_type=\"exad-exclusive-accordion.default\">\n\t\t\t\t<div class=\"elementor-widget-container\">\n\t\t\t\t\t    \r\n        <div class=\"exad-accordion-items\">\r\n        \t\r\n                <div class=\"exad-accordion-single-item elementor-repeater-item-f806f09\">\r\n                    <div class=\"exad-accordion-title active-default\">\r\n\r\n\t\t\t\t\t\t\r\n                        <h3 class=\"exad-accordion-heading\">\r\n\t\t\t\t\t\t\r\n\t\t\t\t\t\t\tINFORMACI\u00d3N PRESUPUESTARIA\t\t\t\t\t\t\t\r\n\t\t\t\t\t\t<\/h3>\r\n\r\n                                                    <div class=\"exad-active-inactive-icon\">\r\n                                                                    <span class=\"exad-active-icon\">\r\n                                        <i aria-hidden=\"true\" class=\"fas fa-angle-up\"><\/i>                                    <\/span>                            \r\n                                                                                                    <span class=\"exad-inactive-icon\">\r\n                                        <i aria-hidden=\"true\" class=\"fas fa-angle-down\"><\/i>                                    <\/span>\r\n                                                            <\/div>\r\n                                            <\/div>\r\n\r\n                    <div class=\"exad-accordion-content\">\r\n                        <div class=\"exad-accordion-content-wrapper has-image-no image-position-right\">\r\n                            <div class=\"exad-accordion-text\">\r\n                                <div> <p><strong><a href=\"https:\/\/sad.fica.unsl.edu.ar\/wp-content\/uploads\/2026\/04\/RCD14-73-2026.pdf\" target=\"_blank\" rel=\"noopener\">Resoluci\u00f3n C.D. N\u00ba 73\/26 <\/a><\/strong><a href=\"https:\/\/sad.fica.unsl.edu.ar\/wp-content\/uploads\/2026\/04\/RCD14-73-2026.pdf\" target=\"_blank\" rel=\"noopener\">- <\/a><a href=\"https:\/\/sad.fica.unsl.edu.ar\/wp-content\/uploads\/2026\/04\/RCD14-73-2026.pdf\" target=\"_blank\" rel=\"noopener\">Presupuesto de la Facultad de Ingenier\u00eda y Ciencias Agropecuarias -<\/a><strong><a href=\"https:\/\/sad.fica.unsl.edu.ar\/wp-content\/uploads\/2026\/04\/RCD14-73-2026.pdf\" target=\"_blank\" rel=\"noopener\"> Ejercicio 2026<\/a><\/strong><\/p><p><strong><a href=\"https:\/\/sad.fica.unsl.edu.ar\/wp-content\/uploads\/2026\/04\/RCD14-125-Presupuesto-2025.pdf\" target=\"_blank\" rel=\"noopener\">Resoluci\u00f3n C.D. N\u00ba 125\/25 <\/a><\/strong><a href=\"https:\/\/sad.fica.unsl.edu.ar\/wp-content\/uploads\/2026\/04\/RCD14-125-Presupuesto-2025.pdf\" target=\"_blank\" rel=\"noopener\">- <\/a><a href=\"https:\/\/sad.fica.unsl.edu.ar\/wp-content\/uploads\/2026\/04\/RCD14-125-Presupuesto-2025.pdf\" target=\"_blank\" rel=\"noopener\">Presupuesto de la Facultad de Ingenier\u00eda y Ciencias Agropecuarias -<\/a><strong><a href=\"https:\/\/sad.fica.unsl.edu.ar\/wp-content\/uploads\/2026\/04\/RCD14-125-Presupuesto-2025.pdf\" target=\"_blank\" rel=\"noopener\"> Ejercicio 2025<\/a><\/strong><\/p><p><a href=\"https:\/\/sad.fica.unsl.edu.ar\/wp-content\/uploads\/2024\/08\/RCD-63-2024-Presupuesto-FICA.pdf\" target=\"_blank\" rel=\"noopener\"><strong>Resoluci\u00f3n C.D. N\u00ba 63\/24 <\/strong>- Presupuesto de la Facultad de Ingenier\u00eda y Ciencias Agropecuarias - <strong>Ejercicio 2024<\/strong><\/a><\/p><p><a href=\"https:\/\/sad.fica.unsl.edu.ar\/wp-content\/uploads\/2024\/08\/RCD-32-2023-Presupuesto-FICA.pdf\" target=\"_blank\" rel=\"noopener\"><strong>Resoluci\u00f3n C.D. N\u00ba 32\/23<\/strong> - Presupuesto de la Facultad de Ingenier\u00eda y Ciencias Agropecuarias - <strong>Ejercicio 2023<\/strong><\/a><\/p><p><a href=\"https:\/\/sad.fica.unsl.edu.ar\/wp-content\/uploads\/2026\/04\/RCD-14-73-2022.pdf\" target=\"_blank\" rel=\"noopener\"><strong>Resoluci\u00f3n C.D. N\u00ba 73\/22<\/strong>\u00a0- Presupuesto de la Facultad de Ingenier\u00eda y Ciencias Agropecuarias - <strong>Ejercicio 2022<\/strong><\/a><\/p><p><a href=\"https:\/\/sad.fica.unsl.edu.ar\/archivos\/RCD_051%202021.pdf\" target=\"_blank\" rel=\"noopener\"><strong>Resoluci\u00f3n C.D. N\u00b0 51\/21<\/strong> - Presupuesto de la Facultad de Ingenier\u00eda y Ciencias Agropecuarias - <strong>Ejercicio 2021<\/strong><\/a><\/p><p><strong>\u00a0<\/strong><\/p><\/div>\r\n                                                            <\/div>\r\n\r\n                            \r\n                        <\/div>\r\n                    <\/div>\r\n                <\/div>\r\n                                                <\/div>\r\n\t\t\t\t\t<\/div>\n\t\t\t\t<\/div>\n\t\t\t\t\t<\/div>\n\t\t<\/div>\n\t\t\t\t\t<\/div>\n\t\t<\/section>\n\t\t\t\t<section class=\"elementor-section elementor-top-section elementor-element elementor-element-1da901e elementor-section-boxed elementor-section-height-default elementor-section-height-default exad-glass-effect-no exad-sticky-section-no\" data-id=\"1da901e\" data-element_type=\"section\" data-e-type=\"section\">\n\t\t\t\t\t\t<div class=\"elementor-container elementor-column-gap-default\">\n\t\t\t\t\t<div class=\"elementor-column elementor-col-100 elementor-top-column elementor-element elementor-element-e06e17d exad-glass-effect-no exad-sticky-section-no\" data-id=\"e06e17d\" data-element_type=\"column\" data-e-type=\"column\">\n\t\t\t<div class=\"elementor-widget-wrap elementor-element-populated\">\n\t\t\t\t\t\t<div class=\"elementor-element elementor-element-e9d9922 exad-sticky-section-no exad-glass-effect-no elementor-widget elementor-widget-spacer\" data-id=\"e9d9922\" data-element_type=\"widget\" data-e-type=\"widget\" data-widget_type=\"spacer.default\">\n\t\t\t\t<div class=\"elementor-widget-container\">\n\t\t\t\t\t\t\t<div class=\"elementor-spacer\">\n\t\t\t<div class=\"elementor-spacer-inner\"><\/div>\n\t\t<\/div>\n\t\t\t\t\t\t<\/div>\n\t\t\t\t<\/div>\n\t\t\t\t\t<\/div>\n\t\t<\/div>\n\t\t\t\t\t<\/div>\n\t\t<\/section>\n\t\t\t\t<\/div>\n\t\t","protected":false},"excerpt":{"rendered":"<p>INFORMACI\u00d3N PRESUPUESTARIA Resoluci\u00f3n C.D. N\u00ba 73\/26 &#8211; Presupuesto de la Facultad de Ingenier\u00eda y Ciencias Agropecuarias &#8211; Ejercicio 2026 Resoluci\u00f3n C.D. N\u00ba 125\/25 &#8211; Presupuesto&hellip;<\/p>\n","protected":false},"author":5,"featured_media":0,"parent":0,"menu_order":0,"comment_status":"closed","ping_status":"closed","template":"elementor_header_footer","meta":{"_monsterinsights_skip_tracking":false,"_monsterinsights_sitenote_active":false,"_monsterinsights_sitenote_note":"","_monsterinsights_sitenote_category":0,"footnotes":""},"class_list":["post-1618","page","type-page","status-publish","hentry"],"yoast_head":"<!-- This site is optimized with the Yoast SEO plugin v27.5 - https:\/\/yoast.com\/product\/yoast-seo-wordpress\/ -->\n<title>Informaci\u00f3n Presupuestaria - Secretar\u00eda Administrativa<\/title>\n<meta name=\"robots\" content=\"index, follow, max-snippet:-1, max-image-preview:large, max-video-preview:-1\" \/>\n<link rel=\"canonical\" href=\"https:\/\/sad.fica.unsl.edu.ar\/index.php\/informacion-presupuestaria\/\" \/>\n<meta property=\"og:locale\" content=\"es_ES\" \/>\n<meta property=\"og:type\" content=\"article\" \/>\n<meta property=\"og:title\" content=\"Informaci\u00f3n Presupuestaria - Secretar\u00eda Administrativa\" \/>\n<meta property=\"og:description\" content=\"INFORMACI\u00d3N PRESUPUESTARIA Resoluci\u00f3n C.D. N\u00ba 73\/26 &#8211; Presupuesto de la Facultad de Ingenier\u00eda y Ciencias Agropecuarias &#8211; Ejercicio 2026 Resoluci\u00f3n C.D. N\u00ba 125\/25 &#8211; Presupuesto&hellip;\" \/>\n<meta property=\"og:url\" content=\"https:\/\/sad.fica.unsl.edu.ar\/index.php\/informacion-presupuestaria\/\" \/>\n<meta property=\"og:site_name\" content=\"Secretar\u00eda Administrativa\" \/>\n<meta property=\"article:modified_time\" content=\"2026-04-30T12:09:47+00:00\" \/>\n<meta name=\"twitter:card\" content=\"summary_large_image\" \/>\n<meta name=\"twitter:label1\" content=\"Tiempo de lectura\" \/>\n\t<meta name=\"twitter:data1\" content=\"1 minuto\" \/>\n<script type=\"application\/ld+json\" class=\"yoast-schema-graph\">{\"@context\":\"https:\\\/\\\/schema.org\",\"@graph\":[{\"@type\":\"WebPage\",\"@id\":\"https:\\\/\\\/sad.fica.unsl.edu.ar\\\/index.php\\\/informacion-presupuestaria\\\/\",\"url\":\"https:\\\/\\\/sad.fica.unsl.edu.ar\\\/index.php\\\/informacion-presupuestaria\\\/\",\"name\":\"Informaci\u00f3n Presupuestaria - Secretar\u00eda Administrativa\",\"isPartOf\":{\"@id\":\"https:\\\/\\\/sad.fica.unsl.edu.ar\\\/#website\"},\"datePublished\":\"2026-04-24T12:24:10+00:00\",\"dateModified\":\"2026-04-30T12:09:47+00:00\",\"breadcrumb\":{\"@id\":\"https:\\\/\\\/sad.fica.unsl.edu.ar\\\/index.php\\\/informacion-presupuestaria\\\/#breadcrumb\"},\"inLanguage\":\"es-AR\",\"potentialAction\":[{\"@type\":\"ReadAction\",\"target\":[\"https:\\\/\\\/sad.fica.unsl.edu.ar\\\/index.php\\\/informacion-presupuestaria\\\/\"]}]},{\"@type\":\"BreadcrumbList\",\"@id\":\"https:\\\/\\\/sad.fica.unsl.edu.ar\\\/index.php\\\/informacion-presupuestaria\\\/#breadcrumb\",\"itemListElement\":[{\"@type\":\"ListItem\",\"position\":1,\"name\":\"Inicio\",\"item\":\"https:\\\/\\\/sad.fica.unsl.edu.ar\\\/\"},{\"@type\":\"ListItem\",\"position\":2,\"name\":\"Informaci\u00f3n Presupuestaria\"}]},{\"@type\":\"WebSite\",\"@id\":\"https:\\\/\\\/sad.fica.unsl.edu.ar\\\/#website\",\"url\":\"https:\\\/\\\/sad.fica.unsl.edu.ar\\\/\",\"name\":\"Secretar\u00eda Administrativa\",\"description\":\"SAD\",\"publisher\":{\"@id\":\"https:\\\/\\\/sad.fica.unsl.edu.ar\\\/#organization\"},\"potentialAction\":[{\"@type\":\"SearchAction\",\"target\":{\"@type\":\"EntryPoint\",\"urlTemplate\":\"https:\\\/\\\/sad.fica.unsl.edu.ar\\\/?s={search_term_string}\"},\"query-input\":{\"@type\":\"PropertyValueSpecification\",\"valueRequired\":true,\"valueName\":\"search_term_string\"}}],\"inLanguage\":\"es-AR\"},{\"@type\":\"Organization\",\"@id\":\"https:\\\/\\\/sad.fica.unsl.edu.ar\\\/#organization\",\"name\":\"SAC- Secretar\u00eda Administrativa FICA\",\"url\":\"https:\\\/\\\/sad.fica.unsl.edu.ar\\\/\",\"logo\":{\"@type\":\"ImageObject\",\"inLanguage\":\"es-AR\",\"@id\":\"https:\\\/\\\/sad.fica.unsl.edu.ar\\\/#\\\/schema\\\/logo\\\/image\\\/\",\"url\":\"https:\\\/\\\/i1.wp.com\\\/sad.fica.unsl.edu.ar\\\/wp-content\\\/uploads\\\/2021\\\/05\\\/SAD-logo.png?fit=4483%2C1231\",\"contentUrl\":\"https:\\\/\\\/i1.wp.com\\\/sad.fica.unsl.edu.ar\\\/wp-content\\\/uploads\\\/2021\\\/05\\\/SAD-logo.png?fit=4483%2C1231\",\"width\":4483,\"height\":1231,\"caption\":\"SAC- Secretar\u00eda Administrativa FICA\"},\"image\":{\"@id\":\"https:\\\/\\\/sad.fica.unsl.edu.ar\\\/#\\\/schema\\\/logo\\\/image\\\/\"}}]}<\/script>\n<!-- \/ Yoast SEO plugin. -->","yoast_head_json":{"title":"Informaci\u00f3n Presupuestaria - Secretar\u00eda Administrativa","robots":{"index":"index","follow":"follow","max-snippet":"max-snippet:-1","max-image-preview":"max-image-preview:large","max-video-preview":"max-video-preview:-1"},"canonical":"https:\/\/sad.fica.unsl.edu.ar\/index.php\/informacion-presupuestaria\/","og_locale":"es_ES","og_type":"article","og_title":"Informaci\u00f3n Presupuestaria - Secretar\u00eda Administrativa","og_description":"INFORMACI\u00d3N PRESUPUESTARIA Resoluci\u00f3n C.D. N\u00ba 73\/26 &#8211; Presupuesto de la Facultad de Ingenier\u00eda y Ciencias Agropecuarias &#8211; Ejercicio 2026 Resoluci\u00f3n C.D. N\u00ba 125\/25 &#8211; Presupuesto&hellip;","og_url":"https:\/\/sad.fica.unsl.edu.ar\/index.php\/informacion-presupuestaria\/","og_site_name":"Secretar\u00eda Administrativa","article_modified_time":"2026-04-30T12:09:47+00:00","twitter_card":"summary_large_image","twitter_misc":{"Tiempo de lectura":"1 minuto"},"schema":{"@context":"https:\/\/schema.org","@graph":[{"@type":"WebPage","@id":"https:\/\/sad.fica.unsl.edu.ar\/index.php\/informacion-presupuestaria\/","url":"https:\/\/sad.fica.unsl.edu.ar\/index.php\/informacion-presupuestaria\/","name":"Informaci\u00f3n Presupuestaria - Secretar\u00eda Administrativa","isPartOf":{"@id":"https:\/\/sad.fica.unsl.edu.ar\/#website"},"datePublished":"2026-04-24T12:24:10+00:00","dateModified":"2026-04-30T12:09:47+00:00","breadcrumb":{"@id":"https:\/\/sad.fica.unsl.edu.ar\/index.php\/informacion-presupuestaria\/#breadcrumb"},"inLanguage":"es-AR","potentialAction":[{"@type":"ReadAction","target":["https:\/\/sad.fica.unsl.edu.ar\/index.php\/informacion-presupuestaria\/"]}]},{"@type":"BreadcrumbList","@id":"https:\/\/sad.fica.unsl.edu.ar\/index.php\/informacion-presupuestaria\/#breadcrumb","itemListElement":[{"@type":"ListItem","position":1,"name":"Inicio","item":"https:\/\/sad.fica.unsl.edu.ar\/"},{"@type":"ListItem","position":2,"name":"Informaci\u00f3n Presupuestaria"}]},{"@type":"WebSite","@id":"https:\/\/sad.fica.unsl.edu.ar\/#website","url":"https:\/\/sad.fica.unsl.edu.ar\/","name":"Secretar\u00eda Administrativa","description":"SAD","publisher":{"@id":"https:\/\/sad.fica.unsl.edu.ar\/#organization"},"potentialAction":[{"@type":"SearchAction","target":{"@type":"EntryPoint","urlTemplate":"https:\/\/sad.fica.unsl.edu.ar\/?s={search_term_string}"},"query-input":{"@type":"PropertyValueSpecification","valueRequired":true,"valueName":"search_term_string"}}],"inLanguage":"es-AR"},{"@type":"Organization","@id":"https:\/\/sad.fica.unsl.edu.ar\/#organization","name":"SAC- Secretar\u00eda Administrativa FICA","url":"https:\/\/sad.fica.unsl.edu.ar\/","logo":{"@type":"ImageObject","inLanguage":"es-AR","@id":"https:\/\/sad.fica.unsl.edu.ar\/#\/schema\/logo\/image\/","url":"https:\/\/i1.wp.com\/sad.fica.unsl.edu.ar\/wp-content\/uploads\/2021\/05\/SAD-logo.png?fit=4483%2C1231","contentUrl":"https:\/\/i1.wp.com\/sad.fica.unsl.edu.ar\/wp-content\/uploads\/2021\/05\/SAD-logo.png?fit=4483%2C1231","width":4483,"height":1231,"caption":"SAC- Secretar\u00eda Administrativa FICA"},"image":{"@id":"https:\/\/sad.fica.unsl.edu.ar\/#\/schema\/logo\/image\/"}}]}},"_links":{"self":[{"href":"https:\/\/sad.fica.unsl.edu.ar\/index.php\/wp-json\/wp\/v2\/pages\/1618","targetHints":{"allow":["GET"]}}],"collection":[{"href":"https:\/\/sad.fica.unsl.edu.ar\/index.php\/wp-json\/wp\/v2\/pages"}],"about":[{"href":"https:\/\/sad.fica.unsl.edu.ar\/index.php\/wp-json\/wp\/v2\/types\/page"}],"author":[{"embeddable":true,"href":"https:\/\/sad.fica.unsl.edu.ar\/index.php\/wp-json\/wp\/v2\/users\/5"}],"replies":[{"embeddable":true,"href":"https:\/\/sad.fica.unsl.edu.ar\/index.php\/wp-json\/wp\/v2\/comments?post=1618"}],"version-history":[{"count":10,"href":"https:\/\/sad.fica.unsl.edu.ar\/index.php\/wp-json\/wp\/v2\/pages\/1618\/revisions"}],"predecessor-version":[{"id":1635,"href":"https:\/\/sad.fica.unsl.edu.ar\/index.php\/wp-json\/wp\/v2\/pages\/1618\/revisions\/1635"}],"wp:attachment":[{"href":"https:\/\/sad.fica.unsl.edu.ar\/index.php\/wp-json\/wp\/v2\/media?parent=1618"}],"curies":[{"name":"wp","href":"https:\/\/api.w.org\/{rel}","templated":true}]}}